{"id":2,"date":"2024-09-02T17:07:46","date_gmt":"2024-09-02T17:07:46","guid":{"rendered":"http:\/\/localhost\/portfolio\/?page_id=2"},"modified":"2026-01-11T20:39:31","modified_gmt":"2026-01-11T18:39:31","slug":"domaca-stran","status":"publish","type":"page","link":"https:\/\/matejhorvatic.com\/en\/","title":{"rendered":"Back to Homepage"},"content":{"rendered":"\t\t<div data-elementor-type=\"wp-page\" data-elementor-id=\"2\" class=\"elementor elementor-2\" data-elementor-post-type=\"page\">\n\t\t\t\t<div class=\"elementor-element elementor-element-1275c35 e-flex e-con-boxed e-con e-parent\" data-id=\"1275c35\" data-element_type=\"container\" data-e-type=\"container\">\n\t\t\t\t\t<div class=\"e-con-inner\">\n\t\t<div class=\"elementor-element elementor-element-dba3964 e-con-full e-flex e-con e-child\" data-id=\"dba3964\" data-element_type=\"container\" data-e-type=\"container\">\n\t\t\t\t<div class=\"elementor-element elementor-element-111a493 elementor-widget elementor-widget-image\" data-id=\"111a493\" data-element_type=\"widget\" data-e-type=\"widget\" data-widget_type=\"image.default\">\n\t\t\t\t\t\t\t\t\t\t\t\t\t\t\t<img fetchpriority=\"high\" decoding=\"async\" width=\"458\" height=\"600\" src=\"https:\/\/matejhorvatic.com\/wp-content\/uploads\/2024\/09\/portrait_transparent.svg\" class=\"attachment-full size-full wp-image-895\" alt=\"\" \/>\t\t\t\t\t\t\t\t\t\t\t\t\t\t\t<\/div>\n\t\t\t\t<\/div>\n\t\t<div class=\"elementor-element elementor-element-2fe8d3c e-con-full e-flex e-con e-child\" data-id=\"2fe8d3c\" data-element_type=\"container\" data-e-type=\"container\">\n\t\t\t\t<div class=\"elementor-element elementor-element-63d34d1 elementor-widget elementor-widget-heading\" data-id=\"63d34d1\" data-element_type=\"widget\" data-e-type=\"widget\" data-widget_type=\"heading.default\">\n\t\t\t\t\t<h1 class=\"elementor-heading-title elementor-size-default\">Pozdravljeni!<\/h1>\t\t\t\t<\/div>\n\t\t\t\t<div class=\"elementor-element elementor-element-691f1dc elementor-widget elementor-widget-text-editor\" data-id=\"691f1dc\" data-element_type=\"widget\" data-e-type=\"widget\" data-widget_type=\"text-editor.default\">\n\t\t\t\t\t\t\t\t\t<p><span style=\"font-size: 27.2px; white-space-collapse: preserve;\">Moje ime je Matej Horvati\u010d in sem produktni oblikovalec z \u017eilico za kreativne, uporabni\u0161ko naravnane oblikovalske re\u0161itve.<\/span><\/p>\t\t\t\t\t\t\t\t<\/div>\n\t\t\t\t<\/div>\n\t\t\t\t\t<\/div>\n\t\t\t\t<\/div>\n\t\t<div class=\"elementor-element elementor-element-5b9f411 e-flex e-con-boxed elementor-invisible e-con e-parent\" data-id=\"5b9f411\" data-element_type=\"container\" data-e-type=\"container\" data-settings=\"{&quot;animation&quot;:&quot;fadeInUp&quot;,&quot;animation_delay&quot;:500}\">\n\t\t\t\t\t<div class=\"e-con-inner\">\n\t\t\t\t<div class=\"elementor-element elementor-element-cd6871b elementor-widget elementor-widget-heading\" data-id=\"cd6871b\" data-element_type=\"widget\" data-e-type=\"widget\" data-widget_type=\"heading.default\">\n\t\t\t\t\t<h2 class=\"elementor-heading-title elementor-size-default\">Izbrani projekti<\/h2>\t\t\t\t<\/div>\n\t\t\t\t<div class=\"elementor-element elementor-element-ba2a7ab elementor-grid-3 elementor-grid-tablet-2 elementor-grid-mobile-1 elementor-invisible elementor-widget elementor-widget-loop-grid\" data-id=\"ba2a7ab\" data-element_type=\"widget\" data-e-type=\"widget\" data-settings=\"{&quot;template_id&quot;:75,&quot;row_gap&quot;:{&quot;unit&quot;:&quot;px&quot;,&quot;size&quot;:64,&quot;sizes&quot;:[]},&quot;_animation&quot;:&quot;slideInUp&quot;,&quot;row_gap_mobile&quot;:{&quot;unit&quot;:&quot;px&quot;,&quot;size&quot;:48,&quot;sizes&quot;:[]},&quot;_skin&quot;:&quot;post&quot;,&quot;columns&quot;:&quot;3&quot;,&quot;columns_tablet&quot;:&quot;2&quot;,&quot;columns_mobile&quot;:&quot;1&quot;,&quot;edit_handle_selector&quot;:&quot;[data-elementor-type=\\&quot;loop-item\\&quot;]&quot;,&quot;row_gap_tablet&quot;:{&quot;unit&quot;:&quot;px&quot;,&quot;size&quot;:&quot;&quot;,&quot;sizes&quot;:[]}}\" data-widget_type=\"loop-grid.post\">\n\t\t\t\t<div class=\"elementor-widget-container\">\n\t\t\t\t\t\t\t<div class=\"elementor-loop-container elementor-grid\" role=\"list\">\n\t\t<style id=\"loop-75\">.elementor-75 .elementor-element.elementor-element-158becf{--display:flex;--flex-direction:column;--container-widget-width:100%;--container-widget-height:initial;--container-widget-flex-grow:0;--container-widget-align-self:initial;--flex-wrap-mobile:wrap;--gap:8px 0px;--row-gap:8px;--column-gap:0px;--overflow:hidden;border-style:none;--border-style:none;--margin-top:0px;--margin-bottom:0px;--margin-left:0px;--margin-right:0px;--padding-top:0px;--padding-bottom:0px;--padding-left:0px;--padding-right:0px;}.elementor-75 .elementor-element.elementor-element-74980e0{--display:flex;--overflow:hidden;--overlay-opacity:0.53;--border-radius:16px 16px 16px 16px;--margin-top:0px;--margin-bottom:0px;--margin-left:0px;--margin-right:0px;--padding-top:0px;--padding-bottom:0px;--padding-left:0px;--padding-right:0px;}.elementor-75 .elementor-element.elementor-element-74980e0:not(.elementor-motion-effects-element-type-background), .elementor-75 .elementor-element.elementor-element-74980e0 > .elementor-motion-effects-container > .elementor-motion-effects-layer{background-color:var( --e-global-color-primary );}.elementor-75 .elementor-element.elementor-element-74980e0::before, .elementor-75 .elementor-element.elementor-element-74980e0 > .elementor-background-video-container::before, .elementor-75 .elementor-element.elementor-element-74980e0 > .e-con-inner > .elementor-background-video-container::before, .elementor-75 .elementor-element.elementor-element-74980e0 > .elementor-background-slideshow::before, .elementor-75 .elementor-element.elementor-element-74980e0 > .e-con-inner > .elementor-background-slideshow::before, .elementor-75 .elementor-element.elementor-element-74980e0 > .elementor-motion-effects-container > .elementor-motion-effects-layer::before{--background-overlay:'';}.elementor-75 .elementor-element.elementor-element-74980e0:hover{--border-radius:16px 16px 16px 16px;--border-top-left-radius:16px;--border-top-right-radius:16px;--border-bottom-right-radius:16px;--border-bottom-left-radius:16px;}.elementor-75 .elementor-element.elementor-element-74980e0, .elementor-75 .elementor-element.elementor-element-74980e0::before{--border-transition:0.3s;}.elementor-widget-theme-post-featured-image .widget-image-caption{color:var( --e-global-color-text );}.elementor-75 .elementor-element.elementor-element-270b175 img{height:240px;object-fit:cover;object-position:center center;filter:brightness( 93% ) contrast( 100% ) saturate( 100% ) blur( 0px ) hue-rotate( 0deg );border-radius:0px 0px 0px 0px;}.elementor-75 .elementor-element.elementor-element-270b175{margin:0px 0px calc(var(--kit-widget-spacing, 0px) + 0px) 0px;padding:0px 0px 0px 0px;}.elementor-widget-theme-post-excerpt{color:var( --e-global-color-text );}.elementor-75 .elementor-element.elementor-element-03001d0{font-weight:400;}.elementor-widget-theme-post-title .elementor-heading-title{color:var( --e-global-color-primary );}<\/style>\t\t<div data-elementor-type=\"loop-item\" data-elementor-id=\"75\" class=\"elementor elementor-75 e-loop-item e-loop-item-97 post-97 post type-post status-publish format-standard has-post-thumbnail hentry category-uncategorized\" data-elementor-post-type=\"elementor_library\" data-custom-edit-handle=\"1\">\n\t\t\t<a class=\"elementor-element elementor-element-158becf e-con-full card e-flex e-con e-parent\" data-id=\"158becf\" data-element_type=\"container\" data-e-type=\"container\" href=\"https:\/\/matejhorvatic.com\/en\/fiho\/\">\n\t\t<div class=\"elementor-element elementor-element-74980e0 e-con-full image-cont e-flex e-con e-child\" data-id=\"74980e0\" data-element_type=\"container\" data-e-type=\"container\" data-settings=\"{&quot;background_background&quot;:&quot;classic&quot;}\">\n\t\t\t\t<div class=\"elementor-element elementor-element-270b175 imagehover elementor-widget elementor-widget-theme-post-featured-image elementor-widget-image\" data-id=\"270b175\" data-element_type=\"widget\" data-e-type=\"widget\" data-widget_type=\"theme-post-featured-image.default\">\n\t\t\t\t\t\t\t\t\t\t\t\t\t\t\t<img decoding=\"async\" width=\"1920\" height=\"1080\" src=\"https:\/\/matejhorvatic.com\/wp-content\/uploads\/2024\/08\/fiho_domov_1920.jpg\" class=\"attachment-full size-full wp-image-1015\" alt=\"\" srcset=\"https:\/\/matejhorvatic.com\/wp-content\/uploads\/2024\/08\/fiho_domov_1920.jpg 1920w, https:\/\/matejhorvatic.com\/wp-content\/uploads\/2024\/08\/fiho_domov_1920-300x169.jpg 300w, https:\/\/matejhorvatic.com\/wp-content\/uploads\/2024\/08\/fiho_domov_1920-1024x576.jpg 1024w, https:\/\/matejhorvatic.com\/wp-content\/uploads\/2024\/08\/fiho_domov_1920-768x432.jpg 768w, https:\/\/matejhorvatic.com\/wp-content\/uploads\/2024\/08\/fiho_domov_1920-1536x864.jpg 1536w, https:\/\/matejhorvatic.com\/wp-content\/uploads\/2024\/08\/fiho_domov_1920-18x10.jpg 18w\" sizes=\"(max-width: 1920px) 100vw, 1920px\" \/>\t\t\t\t\t\t\t\t\t\t\t\t\t\t\t<\/div>\n\t\t\t\t<\/div>\n\t\t\t\t<div class=\"elementor-element elementor-element-03001d0 elementor-widget elementor-widget-theme-post-excerpt\" data-id=\"03001d0\" data-element_type=\"widget\" data-e-type=\"widget\" data-widget_type=\"theme-post-excerpt.default\">\n\t\t\t\t\tSpletna stran\t\t\t\t<\/div>\n\t\t\t\t<div class=\"elementor-element elementor-element-7274669 post-title elementor-widget elementor-widget-theme-post-title elementor-page-title elementor-widget-heading\" data-id=\"7274669\" data-element_type=\"widget\" data-e-type=\"widget\" data-widget_type=\"theme-post-title.default\">\n\t\t\t\t\t<h4 class=\"elementor-heading-title elementor-size-default\">FIHO Slovenija<\/h4>\t\t\t\t<\/div>\n\t\t\t\t<\/a>\n\t\t\t\t<\/div>\n\t\t\t\t<div data-elementor-type=\"loop-item\" data-elementor-id=\"75\" class=\"elementor elementor-75 e-loop-item e-loop-item-95 post-95 post type-post status-publish format-standard has-post-thumbnail hentry category-uncategorized\" data-elementor-post-type=\"elementor_library\" data-custom-edit-handle=\"1\">\n\t\t\t<a class=\"elementor-element elementor-element-158becf e-con-full card e-flex e-con e-parent\" data-id=\"158becf\" data-element_type=\"container\" data-e-type=\"container\" href=\"https:\/\/matejhorvatic.com\/en\/obenauf\/\">\n\t\t<div class=\"elementor-element elementor-element-74980e0 e-con-full image-cont e-flex e-con e-child\" data-id=\"74980e0\" data-element_type=\"container\" data-e-type=\"container\" data-settings=\"{&quot;background_background&quot;:&quot;classic&quot;}\">\n\t\t\t\t<div class=\"elementor-element elementor-element-270b175 imagehover elementor-widget elementor-widget-theme-post-featured-image elementor-widget-image\" data-id=\"270b175\" data-element_type=\"widget\" data-e-type=\"widget\" data-widget_type=\"theme-post-featured-image.default\">\n\t\t\t\t\t\t\t\t\t\t\t\t\t\t\t<img decoding=\"async\" width=\"1920\" height=\"1080\" src=\"https:\/\/matejhorvatic.com\/wp-content\/uploads\/2024\/09\/obenauf.jpg\" class=\"attachment-full size-full wp-image-43\" alt=\"Oben Auf\" srcset=\"https:\/\/matejhorvatic.com\/wp-content\/uploads\/2024\/09\/obenauf.jpg 1920w, https:\/\/matejhorvatic.com\/wp-content\/uploads\/2024\/09\/obenauf-300x169.jpg 300w, https:\/\/matejhorvatic.com\/wp-content\/uploads\/2024\/09\/obenauf-1024x576.jpg 1024w, https:\/\/matejhorvatic.com\/wp-content\/uploads\/2024\/09\/obenauf-768x432.jpg 768w, https:\/\/matejhorvatic.com\/wp-content\/uploads\/2024\/09\/obenauf-1536x864.jpg 1536w\" sizes=\"(max-width: 1920px) 100vw, 1920px\" \/>\t\t\t\t\t\t\t\t\t\t\t\t\t\t\t<\/div>\n\t\t\t\t<\/div>\n\t\t\t\t<div class=\"elementor-element elementor-element-03001d0 elementor-widget elementor-widget-theme-post-excerpt\" data-id=\"03001d0\" data-element_type=\"widget\" data-e-type=\"widget\" data-widget_type=\"theme-post-excerpt.default\">\n\t\t\t\t\tSpletna stran in B2B portal\t\t\t\t<\/div>\n\t\t\t\t<div class=\"elementor-element elementor-element-7274669 post-title elementor-widget elementor-widget-theme-post-title elementor-page-title elementor-widget-heading\" data-id=\"7274669\" data-element_type=\"widget\" data-e-type=\"widget\" data-widget_type=\"theme-post-title.default\">\n\t\t\t\t\t<h4 class=\"elementor-heading-title elementor-size-default\">Oben-Auf stre\u0161ni sistemi<\/h4>\t\t\t\t<\/div>\n\t\t\t\t<\/a>\n\t\t\t\t<\/div>\n\t\t\t\t<div data-elementor-type=\"loop-item\" data-elementor-id=\"75\" class=\"elementor elementor-75 e-loop-item e-loop-item-93 post-93 post type-post status-publish format-standard has-post-thumbnail hentry category-uncategorized\" data-elementor-post-type=\"elementor_library\" data-custom-edit-handle=\"1\">\n\t\t\t<a class=\"elementor-element elementor-element-158becf e-con-full card e-flex e-con e-parent\" data-id=\"158becf\" data-element_type=\"container\" data-e-type=\"container\" href=\"https:\/\/matejhorvatic.com\/en\/vila-robida\/\">\n\t\t<div class=\"elementor-element elementor-element-74980e0 e-con-full image-cont e-flex e-con e-child\" data-id=\"74980e0\" data-element_type=\"container\" data-e-type=\"container\" data-settings=\"{&quot;background_background&quot;:&quot;classic&quot;}\">\n\t\t\t\t<div class=\"elementor-element elementor-element-270b175 imagehover elementor-widget elementor-widget-theme-post-featured-image elementor-widget-image\" data-id=\"270b175\" data-element_type=\"widget\" data-e-type=\"widget\" data-widget_type=\"theme-post-featured-image.default\">\n\t\t\t\t\t\t\t\t\t\t\t\t\t\t\t<img loading=\"lazy\" decoding=\"async\" width=\"1920\" height=\"1080\" src=\"https:\/\/matejhorvatic.com\/wp-content\/uploads\/2024\/09\/vila-robida.jpg\" class=\"attachment-full size-full wp-image-39\" alt=\"Vila Robida\" srcset=\"https:\/\/matejhorvatic.com\/wp-content\/uploads\/2024\/09\/vila-robida.jpg 1920w, https:\/\/matejhorvatic.com\/wp-content\/uploads\/2024\/09\/vila-robida-300x169.jpg 300w, https:\/\/matejhorvatic.com\/wp-content\/uploads\/2024\/09\/vila-robida-1024x576.jpg 1024w, https:\/\/matejhorvatic.com\/wp-content\/uploads\/2024\/09\/vila-robida-768x432.jpg 768w, https:\/\/matejhorvatic.com\/wp-content\/uploads\/2024\/09\/vila-robida-1536x864.jpg 1536w\" sizes=\"(max-width: 1920px) 100vw, 1920px\" \/>\t\t\t\t\t\t\t\t\t\t\t\t\t\t\t<\/div>\n\t\t\t\t<\/div>\n\t\t\t\t<div class=\"elementor-element elementor-element-03001d0 elementor-widget elementor-widget-theme-post-excerpt\" data-id=\"03001d0\" data-element_type=\"widget\" data-e-type=\"widget\" data-widget_type=\"theme-post-excerpt.default\">\n\t\t\t\t\tSpletna stran\t\t\t\t<\/div>\n\t\t\t\t<div class=\"elementor-element elementor-element-7274669 post-title elementor-widget elementor-widget-theme-post-title elementor-page-title elementor-widget-heading\" data-id=\"7274669\" data-element_type=\"widget\" data-e-type=\"widget\" data-widget_type=\"theme-post-title.default\">\n\t\t\t\t\t<h4 class=\"elementor-heading-title elementor-size-default\">Vila Robida<\/h4>\t\t\t\t<\/div>\n\t\t\t\t<\/a>\n\t\t\t\t<\/div>\n\t\t\t\t<div data-elementor-type=\"loop-item\" data-elementor-id=\"75\" class=\"elementor elementor-75 e-loop-item e-loop-item-90 post-90 post type-post status-publish format-standard has-post-thumbnail hentry category-uncategorized\" data-elementor-post-type=\"elementor_library\" data-custom-edit-handle=\"1\">\n\t\t\t<a class=\"elementor-element elementor-element-158becf e-con-full card e-flex e-con e-parent\" data-id=\"158becf\" data-element_type=\"container\" data-e-type=\"container\" href=\"https:\/\/matejhorvatic.com\/en\/royal-bled\/\">\n\t\t<div class=\"elementor-element elementor-element-74980e0 e-con-full image-cont e-flex e-con e-child\" data-id=\"74980e0\" data-element_type=\"container\" data-e-type=\"container\" data-settings=\"{&quot;background_background&quot;:&quot;classic&quot;}\">\n\t\t\t\t<div class=\"elementor-element elementor-element-270b175 imagehover elementor-widget elementor-widget-theme-post-featured-image elementor-widget-image\" data-id=\"270b175\" data-element_type=\"widget\" data-e-type=\"widget\" data-widget_type=\"theme-post-featured-image.default\">\n\t\t\t\t\t\t\t\t\t\t\t\t\t\t\t<img loading=\"lazy\" decoding=\"async\" width=\"1920\" height=\"1280\" src=\"https:\/\/matejhorvatic.com\/wp-content\/uploads\/2024\/09\/royal-bled.jpg\" class=\"attachment-full size-full wp-image-38\" alt=\"Royal Bled aplikacija\" srcset=\"https:\/\/matejhorvatic.com\/wp-content\/uploads\/2024\/09\/royal-bled.jpg 1920w, https:\/\/matejhorvatic.com\/wp-content\/uploads\/2024\/09\/royal-bled-300x200.jpg 300w, https:\/\/matejhorvatic.com\/wp-content\/uploads\/2024\/09\/royal-bled-1024x683.jpg 1024w, https:\/\/matejhorvatic.com\/wp-content\/uploads\/2024\/09\/royal-bled-768x512.jpg 768w, https:\/\/matejhorvatic.com\/wp-content\/uploads\/2024\/09\/royal-bled-1536x1024.jpg 1536w\" sizes=\"(max-width: 1920px) 100vw, 1920px\" \/>\t\t\t\t\t\t\t\t\t\t\t\t\t\t\t<\/div>\n\t\t\t\t<\/div>\n\t\t\t\t<div class=\"elementor-element elementor-element-03001d0 elementor-widget elementor-widget-theme-post-excerpt\" data-id=\"03001d0\" data-element_type=\"widget\" data-e-type=\"widget\" data-widget_type=\"theme-post-excerpt.default\">\n\t\t\t\t\tMobilna aplikacija\t\t\t\t<\/div>\n\t\t\t\t<div class=\"elementor-element elementor-element-7274669 post-title elementor-widget elementor-widget-theme-post-title elementor-page-title elementor-widget-heading\" data-id=\"7274669\" data-element_type=\"widget\" data-e-type=\"widget\" data-widget_type=\"theme-post-title.default\">\n\t\t\t\t\t<h4 class=\"elementor-heading-title elementor-size-default\">Royal Bled<\/h4>\t\t\t\t<\/div>\n\t\t\t\t<\/a>\n\t\t\t\t<\/div>\n\t\t\t\t<div data-elementor-type=\"loop-item\" data-elementor-id=\"75\" class=\"elementor elementor-75 e-loop-item e-loop-item-84 post-84 post type-post status-publish format-standard has-post-thumbnail hentry category-uncategorized\" data-elementor-post-type=\"elementor_library\" data-custom-edit-handle=\"1\">\n\t\t\t<a class=\"elementor-element elementor-element-158becf e-con-full card e-flex e-con e-parent\" data-id=\"158becf\" data-element_type=\"container\" data-e-type=\"container\" href=\"https:\/\/matejhorvatic.com\/en\/kaval-group\/\">\n\t\t<div class=\"elementor-element elementor-element-74980e0 e-con-full image-cont e-flex e-con e-child\" data-id=\"74980e0\" data-element_type=\"container\" data-e-type=\"container\" data-settings=\"{&quot;background_background&quot;:&quot;classic&quot;}\">\n\t\t\t\t<div class=\"elementor-element elementor-element-270b175 imagehover elementor-widget elementor-widget-theme-post-featured-image elementor-widget-image\" data-id=\"270b175\" data-element_type=\"widget\" data-e-type=\"widget\" data-widget_type=\"theme-post-featured-image.default\">\n\t\t\t\t\t\t\t\t\t\t\t\t\t\t\t<img loading=\"lazy\" decoding=\"async\" width=\"1920\" height=\"1080\" src=\"https:\/\/matejhorvatic.com\/wp-content\/uploads\/2024\/09\/kaval-group-min.jpg\" class=\"attachment-full size-full wp-image-497\" alt=\"Kaval Group\" srcset=\"https:\/\/matejhorvatic.com\/wp-content\/uploads\/2024\/09\/kaval-group-min.jpg 1920w, https:\/\/matejhorvatic.com\/wp-content\/uploads\/2024\/09\/kaval-group-min-300x169.jpg 300w, https:\/\/matejhorvatic.com\/wp-content\/uploads\/2024\/09\/kaval-group-min-1024x576.jpg 1024w, https:\/\/matejhorvatic.com\/wp-content\/uploads\/2024\/09\/kaval-group-min-768x432.jpg 768w, https:\/\/matejhorvatic.com\/wp-content\/uploads\/2024\/09\/kaval-group-min-1536x864.jpg 1536w\" sizes=\"(max-width: 1920px) 100vw, 1920px\" \/>\t\t\t\t\t\t\t\t\t\t\t\t\t\t\t<\/div>\n\t\t\t\t<\/div>\n\t\t\t\t<div class=\"elementor-element elementor-element-03001d0 elementor-widget elementor-widget-theme-post-excerpt\" data-id=\"03001d0\" data-element_type=\"widget\" data-e-type=\"widget\" data-widget_type=\"theme-post-excerpt.default\">\n\t\t\t\t\tSpletne strani\t\t\t\t<\/div>\n\t\t\t\t<div class=\"elementor-element elementor-element-7274669 post-title elementor-widget elementor-widget-theme-post-title elementor-page-title elementor-widget-heading\" data-id=\"7274669\" data-element_type=\"widget\" data-e-type=\"widget\" data-widget_type=\"theme-post-title.default\">\n\t\t\t\t\t<h4 class=\"elementor-heading-title elementor-size-default\">Kaval Group<\/h4>\t\t\t\t<\/div>\n\t\t\t\t<\/a>\n\t\t\t\t<\/div>\n\t\t\t\t<div data-elementor-type=\"loop-item\" data-elementor-id=\"75\" class=\"elementor elementor-75 e-loop-item e-loop-item-86 post-86 post type-post status-publish format-standard has-post-thumbnail hentry category-uncategorized\" data-elementor-post-type=\"elementor_library\" data-custom-edit-handle=\"1\">\n\t\t\t<a class=\"elementor-element elementor-element-158becf e-con-full card e-flex e-con e-parent\" data-id=\"158becf\" data-element_type=\"container\" data-e-type=\"container\" href=\"https:\/\/matejhorvatic.com\/en\/emil-frey\/\">\n\t\t<div class=\"elementor-element elementor-element-74980e0 e-con-full image-cont e-flex e-con e-child\" data-id=\"74980e0\" data-element_type=\"container\" data-e-type=\"container\" data-settings=\"{&quot;background_background&quot;:&quot;classic&quot;}\">\n\t\t\t\t<div class=\"elementor-element elementor-element-270b175 imagehover elementor-widget elementor-widget-theme-post-featured-image elementor-widget-image\" data-id=\"270b175\" data-element_type=\"widget\" data-e-type=\"widget\" data-widget_type=\"theme-post-featured-image.default\">\n\t\t\t\t\t\t\t\t\t\t\t\t\t\t\t<img loading=\"lazy\" decoding=\"async\" width=\"1920\" height=\"1080\" src=\"https:\/\/matejhorvatic.com\/wp-content\/uploads\/2024\/09\/peugeot_e-frey.jpg\" class=\"attachment-full size-full wp-image-37\" alt=\"Emil Frey - Peugeot\" srcset=\"https:\/\/matejhorvatic.com\/wp-content\/uploads\/2024\/09\/peugeot_e-frey.jpg 1920w, https:\/\/matejhorvatic.com\/wp-content\/uploads\/2024\/09\/peugeot_e-frey-300x169.jpg 300w, https:\/\/matejhorvatic.com\/wp-content\/uploads\/2024\/09\/peugeot_e-frey-1024x576.jpg 1024w, https:\/\/matejhorvatic.com\/wp-content\/uploads\/2024\/09\/peugeot_e-frey-768x432.jpg 768w, https:\/\/matejhorvatic.com\/wp-content\/uploads\/2024\/09\/peugeot_e-frey-1536x864.jpg 1536w\" sizes=\"(max-width: 1920px) 100vw, 1920px\" \/>\t\t\t\t\t\t\t\t\t\t\t\t\t\t\t<\/div>\n\t\t\t\t<\/div>\n\t\t\t\t<div class=\"elementor-element elementor-element-03001d0 elementor-widget elementor-widget-theme-post-excerpt\" data-id=\"03001d0\" data-element_type=\"widget\" data-e-type=\"widget\" data-widget_type=\"theme-post-excerpt.default\">\n\t\t\t\t\tSpletne strani\t\t\t\t<\/div>\n\t\t\t\t<div class=\"elementor-element elementor-element-7274669 post-title elementor-widget elementor-widget-theme-post-title elementor-page-title elementor-widget-heading\" data-id=\"7274669\" data-element_type=\"widget\" data-e-type=\"widget\" data-widget_type=\"theme-post-title.default\">\n\t\t\t\t\t<h4 class=\"elementor-heading-title elementor-size-default\">Emil Frey &#8211; Peugeot &amp; Citroen<\/h4>\t\t\t\t<\/div>\n\t\t\t\t<\/a>\n\t\t\t\t<\/div>\n\t\t\t\t<\/div>\n\t\t\n\t\t\t\t\t\t<\/div>\n\t\t\t\t<\/div>\n\t\t\t\t\t<\/div>\n\t\t\t\t<\/div>\n\t\t\t\t<\/div>\n\t\t","protected":false},"excerpt":{"rendered":"<p>Pozdravljeni! Moje ime je Matej Horvati\u010d in sem produktni oblikovalec z \u017eilico za kreativne, uporabni\u0161ko naravnane oblikovalske re\u0161itve. Izbrani projekti<\/p>","protected":false},"author":1,"featured_media":0,"parent":0,"menu_order":0,"comment_status":"closed","ping_status":"closed","template":"elementor_header_footer","meta":{"iawp_total_views":267,"footnotes":""},"class_list":["post-2","page","type-page","status-publish","hentry"],"_links":{"self":[{"href":"https:\/\/matejhorvatic.com\/en\/wp-json\/wp\/v2\/pages\/2","targetHints":{"allow":["GET"]}}],"collection":[{"href":"https:\/\/matejhorvatic.com\/en\/wp-json\/wp\/v2\/pages"}],"about":[{"href":"https:\/\/matejhorvatic.com\/en\/wp-json\/wp\/v2\/types\/page"}],"author":[{"embeddable":true,"href":"https:\/\/matejhorvatic.com\/en\/wp-json\/wp\/v2\/users\/1"}],"replies":[{"embeddable":true,"href":"https:\/\/matejhorvatic.com\/en\/wp-json\/wp\/v2\/comments?post=2"}],"version-history":[{"count":176,"href":"https:\/\/matejhorvatic.com\/en\/wp-json\/wp\/v2\/pages\/2\/revisions"}],"predecessor-version":[{"id":1480,"href":"https:\/\/matejhorvatic.com\/en\/wp-json\/wp\/v2\/pages\/2\/revisions\/1480"}],"wp:attachment":[{"href":"https:\/\/matejhorvatic.com\/en\/wp-json\/wp\/v2\/media?parent=2"}],"curies":[{"name":"wp","href":"https:\/\/api.w.org\/{rel}","templated":true}]}}