{"id":51,"date":"2024-09-03T05:48:12","date_gmt":"2024-09-03T05:48:12","guid":{"rendered":"http:\/\/localhost\/portfolio\/?page_id=51"},"modified":"2025-02-25T23:11:12","modified_gmt":"2025-02-25T21:11:12","slug":"info-kontakt","status":"publish","type":"page","link":"https:\/\/matejhorvatic.com\/en\/info-kontakt\/","title":{"rendered":"About &amp; Contact"},"content":{"rendered":"\t\t<div data-elementor-type=\"wp-page\" data-elementor-id=\"51\" class=\"elementor elementor-51\" data-elementor-post-type=\"page\">\n\t\t\t\t<div class=\"elementor-element elementor-element-d068400 e-flex e-con-boxed e-con e-parent\" data-id=\"d068400\" data-element_type=\"container\" data-e-type=\"container\">\n\t\t\t\t\t<div class=\"e-con-inner\">\n\t\t\t\t<div class=\"elementor-element elementor-element-e98bb6f elementor-widget elementor-widget-heading\" data-id=\"e98bb6f\" data-element_type=\"widget\" data-e-type=\"widget\" data-widget_type=\"heading.default\">\n\t\t\t\t\t<h1 class=\"elementor-heading-title elementor-size-default\">\u017divjo, lepo da smo se spoznali!<\/h1>\t\t\t\t<\/div>\n\t\t\t\t\t<\/div>\n\t\t\t\t<\/div>\n\t\t<div class=\"elementor-element elementor-element-1f734e6 e-flex e-con-boxed e-con e-parent\" data-id=\"1f734e6\" data-element_type=\"container\" data-e-type=\"container\">\n\t\t\t\t\t<div class=\"e-con-inner\">\n\t\t<div class=\"elementor-element elementor-element-c9770fb e-con-full e-flex e-con e-child\" data-id=\"c9770fb\" data-element_type=\"container\" data-e-type=\"container\" data-settings=\"{&quot;motion_fx_motion_fx_scrolling&quot;:&quot;yes&quot;,&quot;motion_fx_translateY_effect&quot;:&quot;yes&quot;,&quot;motion_fx_devices&quot;:[&quot;desktop&quot;],&quot;motion_fx_translateY_speed&quot;:{&quot;unit&quot;:&quot;px&quot;,&quot;size&quot;:4,&quot;sizes&quot;:[]},&quot;motion_fx_translateY_affectedRange&quot;:{&quot;unit&quot;:&quot;%&quot;,&quot;size&quot;:&quot;&quot;,&quot;sizes&quot;:{&quot;start&quot;:0,&quot;end&quot;:100}}}\">\n\t\t<div class=\"elementor-element elementor-element-8ae41ed e-con-full e-flex e-con e-child\" data-id=\"8ae41ed\" data-element_type=\"container\" data-e-type=\"container\">\n\t\t\t\t<div class=\"elementor-element elementor-element-3bfd434 elementor-widget elementor-widget-text-editor\" data-id=\"3bfd434\" data-element_type=\"widget\" data-e-type=\"widget\" data-widget_type=\"text-editor.default\">\n\t\t\t\t\t\t\t\t\t<p><span style=\"font-size: 27.2px; white-space-collapse: preserve;\">Moje ime je Matej Horvati\u010d in sem produktni oblikovalec z \u017eilico za kreativne, uporabni\u0161ko naravnane oblikovalske re\u0161itve.<\/span><\/p>\t\t\t\t\t\t\t\t<\/div>\n\t\t\t\t<div class=\"elementor-element elementor-element-a2a3dbc elementor-widget elementor-widget-heading\" data-id=\"a2a3dbc\" data-element_type=\"widget\" data-e-type=\"widget\" data-widget_type=\"heading.default\">\n\t\t\t\t\t<h4 class=\"elementor-heading-title elementor-size-default\">Delovne izku\u0161nje<\/h4>\t\t\t\t<\/div>\n\t\t\t\t<div class=\"elementor-element elementor-element-73b6ae0 elementor-widget elementor-widget-text-editor\" data-id=\"73b6ae0\" data-element_type=\"widget\" data-e-type=\"widget\" data-widget_type=\"text-editor.default\">\n\t\t\t\t\t\t\t\t\t<p>V nekaj ve\u010d kot \u0161est letih sem oblikoval \u017ee ve\u010d kot 60 razli\u010dnih digitalnih re\u0161itev \u2013 spletne strani\/aplikacije, trgovine in mobilne aplikacije&#8230; Izku\u0161nje imam tudi z industrijskim in grafi\u010dnim oblikovanjem (turisti\u010dni produkti, oblikovanje logotipov, tiskovin\u2026 ).<\/p><p>Moj preverjen pristop k projektom sledi \u0161tirim osnovnim korakom \u2013 Odkrij, Definiraj, Razvij, Izvedi. Je dobro preizku\u0161ena metoda odkrivanja izzivov in razvoja oblikovalskih re\u0161itev, ki pomagajo najrazli\u010dnej\u0161im strankam dose\u010di najve\u010dji mo\u017eni vtis.<\/p>\t\t\t\t\t\t\t\t<\/div>\n\t\t\t\t<\/div>\n\t\t<div class=\"elementor-element elementor-element-afacfbe e-con-full e-flex e-con e-child\" data-id=\"afacfbe\" data-element_type=\"container\" data-e-type=\"container\">\n\t\t\t\t<div class=\"elementor-element elementor-element-6b37b47 elementor-widget elementor-widget-heading\" data-id=\"6b37b47\" data-element_type=\"widget\" data-e-type=\"widget\" data-widget_type=\"heading.default\">\n\t\t\t\t\t<h4 class=\"elementor-heading-title elementor-size-default\">Izobrazba<\/h4>\t\t\t\t<\/div>\n\t\t\t\t<div class=\"elementor-element elementor-element-7ab8837 elementor-widget elementor-widget-text-editor\" data-id=\"7ab8837\" data-element_type=\"widget\" data-e-type=\"widget\" data-widget_type=\"text-editor.default\">\n\t\t\t\t\t\t\t\t\t<p>Leta 2019 sem zaklju\u010dil magisterij industrijskega oblikovanja na Akademiji za likovno umetnost in oblikovanje v Ljubljani, s fokusom na storitvenem oblikovanju. Naslov magistrske naloge je \u201cPlatforma za spodbujanje uporabe trajnostne mobilnosti v Ljubljani\u201d, kjer sem opravil poglobljeno analizo uporabni\u0161ke izku\u0161nje javnega potni\u0161kega prometa in kot odgovor na te\u017eave oblikoval mobilno aplikacijo.<\/p>\t\t\t\t\t\t\t\t<\/div>\n\t\t\t\t<\/div>\n\t\t<div class=\"elementor-element elementor-element-6275a06 e-con-full e-flex e-con e-child\" data-id=\"6275a06\" data-element_type=\"container\" data-e-type=\"container\">\n\t\t<div class=\"elementor-element elementor-element-6d849bf e-grid e-con-full e-con e-child\" data-id=\"6d849bf\" data-element_type=\"container\" data-e-type=\"container\">\n\t\t<div class=\"elementor-element elementor-element-5ef0fa0 e-con-full e-flex e-con e-child\" data-id=\"5ef0fa0\" data-element_type=\"container\" data-e-type=\"container\">\n\t\t\t\t<div class=\"elementor-element elementor-element-f60b44b elementor-widget elementor-widget-heading\" data-id=\"f60b44b\" data-element_type=\"widget\" data-e-type=\"widget\" data-widget_type=\"heading.default\">\n\t\t\t\t\t<h4 class=\"elementor-heading-title elementor-size-default\">Znanja in ve\u0161\u010dine<\/h4>\t\t\t\t<\/div>\n\t\t\t\t<div class=\"elementor-element elementor-element-05dd795 elementor-widget elementor-widget-text-editor\" data-id=\"05dd795\" data-element_type=\"widget\" data-e-type=\"widget\" data-widget_type=\"text-editor.default\">\n\t\t\t\t\t\t\t\t\t<p>Na\u010drtovanje uporabni\u0161ke izku\u0161nje<br \/>Raziskovanje uporabni\u0161ke izku\u0161nje<br \/>\u017di\u010dnati modeli<br \/>Na\u010drtovanje uporabni\u0161kih vmesnikov<br \/>Znam\u010denje<br \/>Grafi\u010dno oblikovanje <br \/>Grafi\u010dne animacije in oblikovanje<br \/>3-D modeliranje<br \/>3-D Rendering<br \/>Vodenje projektov<br \/>Kreativni vodja<\/p>\t\t\t\t\t\t\t\t<\/div>\n\t\t\t\t<\/div>\n\t\t<div class=\"elementor-element elementor-element-b54350d e-con-full e-flex e-con e-child\" data-id=\"b54350d\" data-element_type=\"container\" data-e-type=\"container\">\n\t\t\t\t<div class=\"elementor-element elementor-element-4519a8c elementor-widget elementor-widget-heading\" data-id=\"4519a8c\" data-element_type=\"widget\" data-e-type=\"widget\" data-widget_type=\"heading.default\">\n\t\t\t\t\t<h4 class=\"elementor-heading-title elementor-size-default\">Programi<\/h4>\t\t\t\t<\/div>\n\t\t\t\t<div class=\"elementor-element elementor-element-ccb44fb elementor-widget elementor-widget-text-editor\" data-id=\"ccb44fb\" data-element_type=\"widget\" data-e-type=\"widget\" data-widget_type=\"text-editor.default\">\n\t\t\t\t\t\t\t\t\t<p>Figma<br \/>Photoshop<br \/>Illustrator<br \/>Indesign<br \/>After Effects<br \/>Premiere<br \/>Solidworks<br \/>Keyshot<br \/>SketchUp<\/p>\t\t\t\t\t\t\t\t<\/div>\n\t\t\t\t<\/div>\n\t\t\t\t<\/div>\n\t\t\t\t<\/div>\n\t\t<div class=\"elementor-element elementor-element-9485c9f e-con-full e-flex e-con e-child\" data-id=\"9485c9f\" data-element_type=\"container\" data-e-type=\"container\">\n\t\t\t\t<div class=\"elementor-element elementor-element-21b1865 elementor-widget elementor-widget-heading\" data-id=\"21b1865\" data-element_type=\"widget\" data-e-type=\"widget\" data-widget_type=\"heading.default\">\n\t\t\t\t\t<h4 class=\"elementor-heading-title elementor-size-default\">Ko ne oblikujem...<\/h4>\t\t\t\t<\/div>\n\t\t\t\t<div class=\"elementor-element elementor-element-8bec307 elementor-widget elementor-widget-text-editor\" data-id=\"8bec307\" data-element_type=\"widget\" data-e-type=\"widget\" data-widget_type=\"text-editor.default\">\n\t\t\t\t\t\t\t\t\t<p>&#8230; rad te\u010dem, kolesarim, hribolazim in potujem &#8211; ali pa se prepustim dobri knjigi.<\/p>\t\t\t\t\t\t\t\t<\/div>\n\t\t\t\t<\/div>\n\t\t\t\t<\/div>\n\t\t<div class=\"elementor-element elementor-element-0c31bdb e-con-full e-flex elementor-invisible e-con e-child\" data-id=\"0c31bdb\" data-element_type=\"container\" data-e-type=\"container\" data-settings=\"{&quot;animation&quot;:&quot;fadeIn&quot;}\">\n\t\t\t\t<div class=\"elementor-element elementor-element-53de8f5 elementor-widget elementor-widget-image\" data-id=\"53de8f5\" data-element_type=\"widget\" data-e-type=\"widget\" data-widget_type=\"image.default\">\n\t\t\t\t\t\t\t\t\t\t\t\t\t\t\t<img fetchpriority=\"high\" decoding=\"async\" width=\"1511\" height=\"2348\" src=\"https:\/\/matejhorvatic.com\/wp-content\/uploads\/2024\/09\/portrait-2024_2-min.jpg\" class=\"attachment-full size-full wp-image-1174\" alt=\"\" srcset=\"https:\/\/matejhorvatic.com\/wp-content\/uploads\/2024\/09\/portrait-2024_2-min.jpg 1511w, https:\/\/matejhorvatic.com\/wp-content\/uploads\/2024\/09\/portrait-2024_2-min-193x300.jpg 193w, https:\/\/matejhorvatic.com\/wp-content\/uploads\/2024\/09\/portrait-2024_2-min-659x1024.jpg 659w, https:\/\/matejhorvatic.com\/wp-content\/uploads\/2024\/09\/portrait-2024_2-min-768x1193.jpg 768w, https:\/\/matejhorvatic.com\/wp-content\/uploads\/2024\/09\/portrait-2024_2-min-988x1536.jpg 988w, https:\/\/matejhorvatic.com\/wp-content\/uploads\/2024\/09\/portrait-2024_2-min-1318x2048.jpg 1318w, https:\/\/matejhorvatic.com\/wp-content\/uploads\/2024\/09\/portrait-2024_2-min-8x12.jpg 8w\" sizes=\"(max-width: 1511px) 100vw, 1511px\" \/>\t\t\t\t\t\t\t\t\t\t\t\t\t\t\t<\/div>\n\t\t\t\t<\/div>\n\t\t\t\t\t<\/div>\n\t\t\t\t<\/div>\n\t\t\t\t<\/div>\n\t\t","protected":false},"excerpt":{"rendered":"<p>\u017divjo, lepo da smo se spoznali! Moje ime je Matej Horvati\u010d in sem produktni oblikovalec z \u017eilico za kreativne, uporabni\u0161ko naravnane oblikovalske re\u0161itve. Delovne izku\u0161nje V nekaj ve\u010d kot \u0161est letih sem oblikoval \u017ee ve\u010d kot 60 razli\u010dnih digitalnih re\u0161itev \u2013 spletne strani\/aplikacije, trgovine in mobilne aplikacije&#8230; Izku\u0161nje imam tudi z industrijskim in grafi\u010dnim oblikovanjem [&hellip;]<\/p>\n","protected":false},"author":1,"featured_media":0,"parent":0,"menu_order":0,"comment_status":"closed","ping_status":"closed","template":"elementor_header_footer","meta":{"iawp_total_views":64,"footnotes":""},"class_list":["post-51","page","type-page","status-publish","hentry"],"_links":{"self":[{"href":"https:\/\/matejhorvatic.com\/en\/wp-json\/wp\/v2\/pages\/51","targetHints":{"allow":["GET"]}}],"collection":[{"href":"https:\/\/matejhorvatic.com\/en\/wp-json\/wp\/v2\/pages"}],"about":[{"href":"https:\/\/matejhorvatic.com\/en\/wp-json\/wp\/v2\/types\/page"}],"author":[{"embeddable":true,"href":"https:\/\/matejhorvatic.com\/en\/wp-json\/wp\/v2\/users\/1"}],"replies":[{"embeddable":true,"href":"https:\/\/matejhorvatic.com\/en\/wp-json\/wp\/v2\/comments?post=51"}],"version-history":[{"count":89,"href":"https:\/\/matejhorvatic.com\/en\/wp-json\/wp\/v2\/pages\/51\/revisions"}],"predecessor-version":[{"id":1369,"href":"https:\/\/matejhorvatic.com\/en\/wp-json\/wp\/v2\/pages\/51\/revisions\/1369"}],"wp:attachment":[{"href":"https:\/\/matejhorvatic.com\/en\/wp-json\/wp\/v2\/media?parent=51"}],"curies":[{"name":"wp","href":"https:\/\/api.w.org\/{rel}","templated":true}]}}